{"id":893,"date":"2024-12-24T14:18:35","date_gmt":"2024-12-24T14:18:35","guid":{"rendered":"https:\/\/benga.fr\/?page_id=893"},"modified":"2025-06-04T15:00:13","modified_gmt":"2025-06-04T15:00:13","slug":"benga-2","status":"publish","type":"page","link":"https:\/\/benga.fr\/?page_id=893","title":{"rendered":"benga"},"content":{"rendered":"<div class=\"wpb-content-wrapper\"><p>[vc_row full_width=&#8221;stretch_row_content_no_spaces&#8221; css=&#8221;.vc_custom_1741702562542{padding-top: 0px !important;background-image: url(https:\/\/benga.fr\/wp-content\/uploads\/2025\/03\/about-us.png?id=1100) !important;}&#8221; min_height=&#8221;500&#8243;][vc_column][\/vc_column][\/vc_row][vc_row full_width=&#8221;stretch_row&#8221; css=&#8221;.vc_custom_1736015310916{padding-top: 64px !important;padding-bottom: 0px !important;background-color: #FFFFFF !important;}&#8221;][vc_column][cms_textbox text=&#8221;Chez BENGA, nous sommes bien plus qu\u2019une entreprise : nous sommes un catalyseur d\u2019innovation et un partenaire cl\u00e9 pour relever les d\u00e9fis modernes. Depuis notre cr\u00e9ation, notre mission est claire : transformer vos id\u00e9es en solutions performantes et adapt\u00e9es aux besoins de votre secteur.&#8221; text_font_size=&#8221;18&#8243; text_line_height=&#8221;27&#8243; text_style=&#8221;style-normal&#8221;][cms_fancybox][\/vc_column][\/vc_row][vc_row full_width=&#8221;stretch_row&#8221; css=&#8221;.vc_custom_1736015343555{padding-bottom: 64px !important;background-color: #FFFFFF !important;}&#8221;][vc_column width=&#8221;1\/3&#8243;][vc_custom_heading text=&#8221;Notre Vision : Allier Expertise et Innovation&#8221; font_container=&#8221;tag:h3|font_size:24|text_align:left|color:%23111111&#8243; google_fonts=&#8221;font_family:Open%20Sans%3A300%2C300italic%2Cregular%2Citalic%2C600%2C600italic%2C700%2C700italic%2C800%2C800italic|font_style:600%20bold%20regular%3A600%3Anormal&#8221; css=&#8221;&#8221;][\/vc_column][vc_column width=&#8221;2\/3&#8243;][cms_textbox text=&#8221;BENGA s\u2019appuie sur une expertise technique solide pour concevoir et d\u00e9ployer des outils num\u00e9riques qui font la diff\u00e9rence. Nous croyons en une approche collaborative o\u00f9 la technologie sert l\u2019humain. Nos solutions ne sont pas uniquement fonctionnelles, elles sont con\u00e7ues pour s\u2019int\u00e9grer parfaitement \u00e0 votre environnement et pour r\u00e9pondre aux enjeux sp\u00e9cifiques de votre activit\u00e9.&#8221; text_font_size=&#8221;18&#8243; text_line_height=&#8221;27&#8243; text_style=&#8221;style-normal&#8221;][\/vc_column][\/vc_row][vc_row full_width=&#8221;stretch_row&#8221; css=&#8221;.vc_custom_1744801405665{padding-top: 64px !important;padding-bottom: 64px !important;background-color: #F5F5F5 !important;}&#8221;][vc_column][cms_heading text=&#8221;Nos Domaines d\u2019Expertise&#8221; align_lg=&#8221;align-center&#8221; align_md=&#8221;align-center-md&#8221; align_sm=&#8221;align-center-sm&#8221; align_xs=&#8221;align-center-xs&#8221; font_weight=&#8221;&#8221;][vc_row_inner css=&#8221;.vc_custom_1744800947064{border-top-width: 60px !important;}&#8221;][vc_column_inner width=&#8221;1\/4&#8243;][cms_fancybox icon_list=&#8221;material_design&#8221; title=&#8221;Accompagnement M\u00e9dical&#8221; icon_material_design=&#8221;zmdi zmdi-hospital-alt&#8221; animation=&#8221;fadeInUp&#8221; title_line_height=&#8221;27&#8243; description=&#8221;Gr\u00e2ce \u00e0 nos services sp\u00e9cialis\u00e9s, nous facilitons l\u2019int\u00e9gration des m\u00e9decins \u00e9trangers en France en prenant en charge leurs d\u00e9marches administratives et la gestion de leur mat\u00e9riel informatique.&#8221;][\/vc_column_inner][vc_column_inner width=&#8221;1\/4&#8243;][cms_fancybox icon_list=&#8221;material_design&#8221; title=&#8221;Solutions Digitales&#8221; icon_material_design=&#8221;zmdi zmdi-globe-alt&#8221; animation=&#8221;fadeInUp&#8221; description=&#8221;Nous d\u00e9veloppons des sites web performants et sur mesure avec des outils comme Leni et WorkTools, pour booster votre productivit\u00e9 et maximiser votre impact en ligne.&#8221;][\/vc_column_inner][vc_column_inner width=&#8221;1\/4&#8243;][cms_fancybox icon_list=&#8221;material_design&#8221; title=&#8221;Orientation et Gestion Sociale&#8221; icon_material_design=&#8221;zmdi zmdi-settings&#8221; animation=&#8221;fadeInUp&#8221; description=&#8221;Avec Dhorani, nous r\u00e9volutionnons l\u2019orientation des b\u00e9n\u00e9ficiaires RSA, en rendant le processus plus rapide, efficace et humain.&#8221;][\/vc_column_inner][vc_column_inner width=&#8221;1\/4&#8243;][cms_fancybox icon_list=&#8221;material_design&#8221; title=&#8221;Collaborations Locales&#8221; icon_material_design=&#8221;zmdi zmdi-flower-alt&#8221; animation=&#8221;fadeInUp&#8221; description=&#8221;Nous connectons mairies et artisans via des plateformes collaboratives qui dynamisent les \u00e9changes et renforcent les r\u00e9seaux locaux.&#8221;][\/vc_column_inner][\/vc_row_inner][\/vc_column][\/vc_row][vc_row css=&#8221;.vc_custom_1737040594048{padding-top: 64px !important;padding-bottom: 64px !important;}&#8221;][vc_column][cms_heading text=&#8221;Notre Equipe&#8221; align_lg=&#8221;align-center&#8221; align_md=&#8221;align-center-md&#8221; align_sm=&#8221;align-center-sm&#8221; align_xs=&#8221;align-center-xs&#8221; font_weight=&#8221;&#8221;][cms_team_carousel cms_template=&#8221;cms_team_carousel&#8211;layout5.php&#8221; content_list_l5=&#8221;%5B%7B%22image%22%3A%22990%22%2C%22title%22%3A%22Rajni%20S%22%2C%22position%22%3A%22Responsable%20Design%20%26%20Conception%22%2C%22desc%22%3A%22Rajni%20est%20l%E2%80%99%C5%93il%20et%20l%E2%80%99%C3%A2me%20du%20design%20chez%20Benga.%20Elle%20transforme%20chaque%20id%C3%A9e%20en%20une%20exp%C3%A9rience%20visuelle%20fluide%2C%20intuitive%20et%20pleine%20de%20caract%C3%A8re.%22%2C%22social%22%3A%22%255B%257B%257D%255D%22%7D%2C%7B%22image%22%3A%221010%22%2C%22title%22%3A%22Laurent%20B%22%2C%22position%22%3A%22Responsable%20D%C3%A9veloppement%20%26%20Intelligence%20Artificielle%22%2C%22desc%22%3A%22Laurent%20est%20l%E2%80%99architecte%20du%20code%20et%20de%20l&#8217;%20intelligence%20Artificielle%20chez%20Benga.%20Il%20fa%C3%A7onne%20des%20solutions%20agiles%20o%C3%B9%20technologie%20rime%20avec%20fluidit%C3%A9%20et%20performance.%22%2C%22social%22%3A%22%255B%257B%257D%255D%22%7D%2C%7B%22image%22%3A%221011%22%2C%22title%22%3A%22C%C3%A9dric%20B%22%2C%22position%22%3A%22Respoonsable%20Ev%C3%A8nement%20Locaux%22%2C%22desc%22%3A%22C%C3%A9dric%20est%20le%20lien%20vivant%20entre%20Benga%20et%20les%20territoires.%20Il%20donne%20rythme%20et%20visibilit%C3%A9%20aux%20initiatives%20locales%20avec%20%C3%A9nergie%20et%20passion.%22%2C%22social%22%3A%22%255B%257B%257D%255D%22%7D%2C%7B%22image%22%3A%221013%22%2C%22title%22%3A%22Jeak%20P%22%2C%22position%22%3A%22Responsable%20Section%20M%C3%A9dicale%22%2C%22desc%22%3A%22Jeak%20est%20la%20passerelle%20entre%20le%20soin%2C%20le%20num%C3%A9rique%20et%20l%E2%80%99administration.%20Il%20accompagne%20les%20m%C3%A9decins%20venus%20d%E2%80%99ailleurs%20dans%20leur%20installation%20en%20France%2C%20en%20alliant%20expertise%20humaine%2C%20ma%C3%AEtrise%20des%20d%C3%A9marches%20et%20sens%20des%20outils.%22%2C%22social%22%3A%22%255B%257B%257D%255D%22%7D%2C%7B%22image%22%3A%221162%22%2C%22title%22%3A%22Lionel%20M%22%2C%22position%22%3A%22Responsable%20Architecture%20%26%20Innovation%22%2C%22desc%22%3A%22Lionel%20est%20le%20b%C3%A2tisseur%20d%E2%80%99id%C3%A9es%20et%20%C3%A9claireur%20d%E2%80%99avenir%20chez%20Benga.%20Il%20con%C3%A7oit%20des%20solutions%20durables%20o%C3%B9%20l%E2%80%99innovation%20rencontre%20les%20besoins%20r%C3%A9els%20du%20terrain.%22%2C%22social%22%3A%22%255B%257B%257D%255D%22%7D%5D&#8221; col_xs=&#8221;1&#8243; col_sm=&#8221;2&#8243; col_md=&#8221;3&#8243; col_lg=&#8221;5&#8243; animation=&#8221;fadeInUp&#8221;][\/vc_column][\/vc_row]<\/p>\n<\/div>","protected":false},"excerpt":{"rendered":"<p>[vc_row full_width=&#8221;stretch_row_content_no_spaces&#8221; css=&#8221;.vc_custom_1741702562542{padding-top: 0px !important;background-image: url(https:\/\/benga.fr\/wp-content\/uploads\/2025\/03\/about-us.png?id=1100) !important;}&#8221; min_height=&#8221;500&#8243;][vc_column][\/vc_column][\/vc_row][vc_row full_width=&#8221;stretch_row&#8221; css=&#8221;.vc_custom_1736015310916{padding-top: 64px !important;padding-bottom: 0px !important;background-color: #FFFFFF !important;}&#8221;][vc_column][cms_textbox text=&#8221;Chez BENGA, nous sommes bien plus qu\u2019une entreprise : nous sommes un catalyseur d\u2019innovation et un partenaire cl\u00e9 pour relever les d\u00e9fis modernes. Depuis notre cr\u00e9ation, notre mission est claire : transformer vos id\u00e9es en solutions performantes et adapt\u00e9es [&hellip;]<\/p>\n","protected":false},"author":1,"featured_media":0,"parent":35,"menu_order":0,"comment_status":"closed","ping_status":"closed","template":"","meta":{"footnotes":""},"class_list":["post-893","page","type-page","status-publish","hentry"],"yoast_head":"<!-- This site is optimized with the Yoast SEO plugin v25.5 - https:\/\/yoast.com\/wordpress\/plugins\/seo\/ -->\n<title>benga - benga<\/title>\n<meta name=\"robots\" content=\"index, follow, max-snippet:-1, max-image-preview:large, max-video-preview:-1\" \/>\n<link rel=\"canonical\" href=\"https:\/\/benga.fr\/?page_id=893\" \/>\n<meta property=\"og:locale\" content=\"en_US\" \/>\n<meta property=\"og:type\" content=\"article\" \/>\n<meta property=\"og:title\" content=\"benga - benga\" \/>\n<meta property=\"og:description\" content=\"[vc_row full_width=&#8221;stretch_row_content_no_spaces&#8221; css=&#8221;.vc_custom_1741702562542{padding-top: 0px !important;background-image: url(https:\/\/benga.fr\/wp-content\/uploads\/2025\/03\/about-us.png?id=1100) !important;}&#8221; min_height=&#8221;500&#8243;][vc_column][\/vc_column][\/vc_row][vc_row full_width=&#8221;stretch_row&#8221; css=&#8221;.vc_custom_1736015310916{padding-top: 64px !important;padding-bottom: 0px !important;background-color: #FFFFFF !important;}&#8221;][vc_column][cms_textbox text=&#8221;Chez BENGA, nous sommes bien plus qu\u2019une entreprise : nous sommes un catalyseur d\u2019innovation et un partenaire cl\u00e9 pour relever les d\u00e9fis modernes. Depuis notre cr\u00e9ation, notre mission est claire : transformer vos id\u00e9es en solutions performantes et adapt\u00e9es [&hellip;]\" \/>\n<meta property=\"og:url\" content=\"https:\/\/benga.fr\/?page_id=893\" \/>\n<meta property=\"og:site_name\" content=\"benga\" \/>\n<meta property=\"article:modified_time\" content=\"2025-06-04T15:00:13+00:00\" \/>\n<meta name=\"twitter:card\" content=\"summary_large_image\" \/>\n<meta name=\"twitter:label1\" content=\"Est. reading time\" \/>\n\t<meta name=\"twitter:data1\" content=\"2 minutes\" \/>\n<script type=\"application\/ld+json\" class=\"yoast-schema-graph\">{\"@context\":\"https:\/\/schema.org\",\"@graph\":[{\"@type\":\"WebPage\",\"@id\":\"https:\/\/benga.fr\/?page_id=893\",\"url\":\"https:\/\/benga.fr\/?page_id=893\",\"name\":\"benga - benga\",\"isPartOf\":{\"@id\":\"https:\/\/benga.fr\/#website\"},\"datePublished\":\"2024-12-24T14:18:35+00:00\",\"dateModified\":\"2025-06-04T15:00:13+00:00\",\"breadcrumb\":{\"@id\":\"https:\/\/benga.fr\/?page_id=893#breadcrumb\"},\"inLanguage\":\"en-US\",\"potentialAction\":[{\"@type\":\"ReadAction\",\"target\":[\"https:\/\/benga.fr\/?page_id=893\"]}]},{\"@type\":\"BreadcrumbList\",\"@id\":\"https:\/\/benga.fr\/?page_id=893#breadcrumb\",\"itemListElement\":[{\"@type\":\"ListItem\",\"position\":1,\"name\":\"Home\",\"item\":\"https:\/\/benga.fr\/\"},{\"@type\":\"ListItem\",\"position\":2,\"name\":\"Home\",\"item\":\"https:\/\/benga.fr\/\"},{\"@type\":\"ListItem\",\"position\":3,\"name\":\"benga\"}]},{\"@type\":\"WebSite\",\"@id\":\"https:\/\/benga.fr\/#website\",\"url\":\"https:\/\/benga.fr\/\",\"name\":\"benga\",\"description\":\"\",\"publisher\":{\"@id\":\"https:\/\/benga.fr\/#organization\"},\"potentialAction\":[{\"@type\":\"SearchAction\",\"target\":{\"@type\":\"EntryPoint\",\"urlTemplate\":\"https:\/\/benga.fr\/?s={search_term_string}\"},\"query-input\":{\"@type\":\"PropertyValueSpecification\",\"valueRequired\":true,\"valueName\":\"search_term_string\"}}],\"inLanguage\":\"en-US\"},{\"@type\":\"Organization\",\"@id\":\"https:\/\/benga.fr\/#organization\",\"name\":\"benga\",\"url\":\"https:\/\/benga.fr\/\",\"logo\":{\"@type\":\"ImageObject\",\"inLanguage\":\"en-US\",\"@id\":\"https:\/\/benga.fr\/#\/schema\/logo\/image\/\",\"url\":\"https:\/\/benga.fr\/wp-content\/uploads\/2024\/12\/cropped-Logo-1-1.png\",\"contentUrl\":\"https:\/\/benga.fr\/wp-content\/uploads\/2024\/12\/cropped-Logo-1-1.png\",\"width\":220,\"height\":105,\"caption\":\"benga\"},\"image\":{\"@id\":\"https:\/\/benga.fr\/#\/schema\/logo\/image\/\"}}]}<\/script>\n<!-- \/ Yoast SEO plugin. -->","yoast_head_json":{"title":"benga - benga","robots":{"index":"index","follow":"follow","max-snippet":"max-snippet:-1","max-image-preview":"max-image-preview:large","max-video-preview":"max-video-preview:-1"},"canonical":"https:\/\/benga.fr\/?page_id=893","og_locale":"en_US","og_type":"article","og_title":"benga - benga","og_description":"[vc_row full_width=&#8221;stretch_row_content_no_spaces&#8221; css=&#8221;.vc_custom_1741702562542{padding-top: 0px !important;background-image: url(https:\/\/benga.fr\/wp-content\/uploads\/2025\/03\/about-us.png?id=1100) !important;}&#8221; min_height=&#8221;500&#8243;][vc_column][\/vc_column][\/vc_row][vc_row full_width=&#8221;stretch_row&#8221; css=&#8221;.vc_custom_1736015310916{padding-top: 64px !important;padding-bottom: 0px !important;background-color: #FFFFFF !important;}&#8221;][vc_column][cms_textbox text=&#8221;Chez BENGA, nous sommes bien plus qu\u2019une entreprise : nous sommes un catalyseur d\u2019innovation et un partenaire cl\u00e9 pour relever les d\u00e9fis modernes. Depuis notre cr\u00e9ation, notre mission est claire : transformer vos id\u00e9es en solutions performantes et adapt\u00e9es [&hellip;]","og_url":"https:\/\/benga.fr\/?page_id=893","og_site_name":"benga","article_modified_time":"2025-06-04T15:00:13+00:00","twitter_card":"summary_large_image","twitter_misc":{"Est. reading time":"2 minutes"},"schema":{"@context":"https:\/\/schema.org","@graph":[{"@type":"WebPage","@id":"https:\/\/benga.fr\/?page_id=893","url":"https:\/\/benga.fr\/?page_id=893","name":"benga - benga","isPartOf":{"@id":"https:\/\/benga.fr\/#website"},"datePublished":"2024-12-24T14:18:35+00:00","dateModified":"2025-06-04T15:00:13+00:00","breadcrumb":{"@id":"https:\/\/benga.fr\/?page_id=893#breadcrumb"},"inLanguage":"en-US","potentialAction":[{"@type":"ReadAction","target":["https:\/\/benga.fr\/?page_id=893"]}]},{"@type":"BreadcrumbList","@id":"https:\/\/benga.fr\/?page_id=893#breadcrumb","itemListElement":[{"@type":"ListItem","position":1,"name":"Home","item":"https:\/\/benga.fr\/"},{"@type":"ListItem","position":2,"name":"Home","item":"https:\/\/benga.fr\/"},{"@type":"ListItem","position":3,"name":"benga"}]},{"@type":"WebSite","@id":"https:\/\/benga.fr\/#website","url":"https:\/\/benga.fr\/","name":"benga","description":"","publisher":{"@id":"https:\/\/benga.fr\/#organization"},"potentialAction":[{"@type":"SearchAction","target":{"@type":"EntryPoint","urlTemplate":"https:\/\/benga.fr\/?s={search_term_string}"},"query-input":{"@type":"PropertyValueSpecification","valueRequired":true,"valueName":"search_term_string"}}],"inLanguage":"en-US"},{"@type":"Organization","@id":"https:\/\/benga.fr\/#organization","name":"benga","url":"https:\/\/benga.fr\/","logo":{"@type":"ImageObject","inLanguage":"en-US","@id":"https:\/\/benga.fr\/#\/schema\/logo\/image\/","url":"https:\/\/benga.fr\/wp-content\/uploads\/2024\/12\/cropped-Logo-1-1.png","contentUrl":"https:\/\/benga.fr\/wp-content\/uploads\/2024\/12\/cropped-Logo-1-1.png","width":220,"height":105,"caption":"benga"},"image":{"@id":"https:\/\/benga.fr\/#\/schema\/logo\/image\/"}}]}},"_links":{"self":[{"href":"https:\/\/benga.fr\/index.php?rest_route=\/wp\/v2\/pages\/893","targetHints":{"allow":["GET"]}}],"collection":[{"href":"https:\/\/benga.fr\/index.php?rest_route=\/wp\/v2\/pages"}],"about":[{"href":"https:\/\/benga.fr\/index.php?rest_route=\/wp\/v2\/types\/page"}],"author":[{"embeddable":true,"href":"https:\/\/benga.fr\/index.php?rest_route=\/wp\/v2\/users\/1"}],"replies":[{"embeddable":true,"href":"https:\/\/benga.fr\/index.php?rest_route=%2Fwp%2Fv2%2Fcomments&post=893"}],"version-history":[{"count":132,"href":"https:\/\/benga.fr\/index.php?rest_route=\/wp\/v2\/pages\/893\/revisions"}],"predecessor-version":[{"id":1164,"href":"https:\/\/benga.fr\/index.php?rest_route=\/wp\/v2\/pages\/893\/revisions\/1164"}],"up":[{"embeddable":true,"href":"https:\/\/benga.fr\/index.php?rest_route=\/wp\/v2\/pages\/35"}],"wp:attachment":[{"href":"https:\/\/benga.fr\/index.php?rest_route=%2Fwp%2Fv2%2Fmedia&parent=893"}],"curies":[{"name":"wp","href":"https:\/\/api.w.org\/{rel}","templated":true}]}}