{"id":35,"date":"2018-07-28T07:47:55","date_gmt":"2018-07-28T07:47:55","guid":{"rendered":"http:\/\/demo.casethemes.net\/unfinityplus-\/?page_id=35"},"modified":"2025-01-09T12:31:15","modified_gmt":"2025-01-09T12:31:15","slug":"home","status":"publish","type":"page","link":"https:\/\/benga.fr\/","title":{"rendered":"Home"},"content":{"rendered":"<div class=\"wpb-content-wrapper\"><p>[vc_row full_width=&#8221;stretch_row_content_no_spaces&#8221; el_id=&#8221;section-home&#8221;][vc_column][rev_slider_vc alias=&#8221;home1&#8243;][\/vc_column][\/vc_row][vc_row css=&#8221;.vc_custom_1533128914488{margin-right: -35px !important;margin-left: -35px !important;padding-top: 55px !important;padding-bottom: 92px !important;}&#8221; el_id=&#8221;services&#8221;][vc_column css_animation=&#8221;fadeInUp&#8221; width=&#8221;1\/2&#8243; css=&#8221;.vc_custom_1533056841040{padding-top: 45px !important;padding-right: 40px !important;padding-left: 40px !important;}&#8221; offset=&#8221;vc_col-lg-3 vc_col-md-3&#8243;][cms_fancybox icon_list=&#8221;flaticon&#8221; title=&#8221;App Design&#8221; description=&#8221;Cr\u00e9ez des applications captivantes et intuitives.<br \/>\nNous concevons des designs d\u2019applications qui allient esth\u00e9tique et fonctionnalit\u00e9, pour offrir une exp\u00e9rience utilisateur exceptionnelle et engageante. Transformez vos id\u00e9es en solutions mobiles performantes.&#8221; icon_flaticon=&#8221;flaticon-app&#8221;][\/vc_column][vc_column css_animation=&#8221;fadeInUp&#8221; width=&#8221;1\/2&#8243; css=&#8221;.vc_custom_1533056848685{padding-top: 45px !important;padding-right: 40px !important;padding-left: 40px !important;}&#8221; offset=&#8221;vc_col-lg-3 vc_col-md-3&#8243;][cms_fancybox icon_list=&#8221;flaticon&#8221; title=&#8221;Web Design&#8221; description=&#8221;Le design au service de votre identit\u00e9 en ligne.<br \/>\nNos designs web sont pens\u00e9s pour refl\u00e9ter votre image de marque tout en captivant vos visiteurs. Avec des interfaces modernes et ergonomiques, nous vous aidons \u00e0 marquer les esprits.&#8221; icon_flaticon=&#8221;flaticon-domain-registration&#8221;][\/vc_column][vc_column css_animation=&#8221;fadeInUp&#8221; width=&#8221;1\/2&#8243; css=&#8221;.vc_custom_1533056854664{padding-top: 45px !important;padding-right: 40px !important;padding-left: 40px !important;}&#8221; offset=&#8221;vc_col-lg-3 vc_col-md-3&#8243;][cms_fancybox icon_list=&#8221;flaticon&#8221; title=&#8221;Web D\u00e9veloppement&#8221; description=&#8221;Des solutions sur mesure pour vos besoins en ligne.<br \/>\nNotre expertise en d\u00e9veloppement web garantit des sites performants, s\u00e9curis\u00e9s et adapt\u00e9s \u00e0 vos ambitions. Nous codons vos projets pour qu\u2019ils deviennent des plateformes fiables et \u00e9volutives&#8221; icon_flaticon=&#8221;flaticon-coding&#8221;][\/vc_column][vc_column css_animation=&#8221;fadeInUp&#8221; width=&#8221;1\/2&#8243; css=&#8221;.vc_custom_1533056859981{padding-top: 45px !important;padding-right: 40px !important;padding-left: 40px !important;}&#8221; offset=&#8221;vc_col-lg-3 vc_col-md-3&#8243;][cms_fancybox icon_list=&#8221;flaticon&#8221; title=&#8221;Web Innovation&#8221; description=&#8221;Inspirez l\u2019avenir de votre pr\u00e9sence digitale.<br \/>\nChez BENGA, nous repoussons les limites du digital avec des solutions innovantes. Anticipez les tendances et restez \u00e0 la pointe avec des technologies et concepts disruptifs.&#8221; icon_flaticon=&#8221;flaticon-rocket&#8221;][\/vc_column][\/vc_row][vc_row full_width=&#8221;stretch_row_content_no_spaces&#8221;][vc_column offset=&#8221;vc_col-lg-4 vc_col-md-4&#8243;][cms_fancybox cms_template=&#8221;cms_fancybox&#8211;layout1.php&#8221; btn_link=&#8221;url:https%3A%2F%2Fmedical.benga.fr%2F|target:_blank&#8221; btn_bg_color=&#8221;#443f45&#8243; box_image=&#8221;846&#8243; box_color=&#8221;#000000&#8243; title=&#8221;Transition m\u00e9dicale en France&#8221; description=&#8221;Accompagner les m\u00e9decins \u00e9trangers dans leur installation en France.&#8221; btn_text=&#8221;En Savoir Plus&#8221;][\/vc_column][vc_column offset=&#8221;vc_col-lg-4 vc_col-md-4&#8243;][cms_fancybox cms_template=&#8221;cms_fancybox&#8211;layout1.php&#8221; description_color=&#8221;rgba(255,255,255,0.8)&#8221; btn_link=&#8221;url:https%3A%2F%2Fweb.benga.fr%2F|target:_blank&#8221; btn_bg_color=&#8221;#443F45&#8243; btn_text_color=&#8221;#ffffff&#8221; box_image=&#8221;844&#8243; box_color=&#8221;#000000&#8243; title=&#8221;Cr\u00e9ation de Sites Web&#8221; description=&#8221;D\u00e9velopper une pr\u00e9sence digitale sur mesure.&#8221; btn_text=&#8221;En Savoir Plus&#8221;][\/vc_column][vc_column offset=&#8221;vc_col-lg-4 vc_col-md-4&#8243;][cms_fancybox cms_template=&#8221;cms_fancybox&#8211;layout1.php&#8221; description_color=&#8221;rgba(255,255,255,0.8)&#8221; btn_link=&#8221;url:https%3A%2F%2Fevent.benga.fr%2F|target:_blank&#8221; btn_bg_color=&#8221;#443f45&#8243; box_image=&#8221;878&#8243; box_color=&#8221;#000000&#8243; title=&#8221;\u00c9v\u00e9nements Locaux et Collaboration&#8221; description=&#8221;Faciliter la communication entre mairies et artisans.&#8221; btn_text=&#8221;En Savoir Plus&#8221;][\/vc_column][\/vc_row][vc_row][vc_column][vc_empty_space height=&#8221;72px&#8221;][\/vc_column][\/vc_row][vc_row full_width=&#8221;stretch_row&#8221; parallax=&#8221;content-moving&#8221; parallax_image=&#8221;884&#8243; parallax_speed_bg=&#8221;1.8&#8243; ct_row_class=&#8221;row-overlay&#8221; cms_row_class=&#8221;row-overlay&#8221; css=&#8221;.vc_custom_1735043101123{background-color: rgba(68,63,69,0.9) !important;*background-color: rgb(68,63,69) !important;}&#8221;][vc_column css=&#8221;.vc_custom_1532962299676{padding-top: 68px !important;padding-bottom: 68px !important;}&#8221;][cms_heading text=&#8221;Innovation, expertise et engagement pour transformer des id\u00e9es en solutions durables et impactantes.&#8221; align_lg=&#8221;align-center&#8221; align_md=&#8221;align-center-md&#8221; align_sm=&#8221;align-center-sm&#8221; align_xs=&#8221;align-center-xs&#8221; font_size=&#8221;30&#8243; font_size_md=&#8221;30&#8243; font_size_sm=&#8221;30&#8243; font_size_xs=&#8221;30&#8243; font_weight=&#8221;&#8221; text_color=&#8221;#f5f5f5&#8243; margin_bottom=&#8221;0&#8243; animation=&#8221;fadeIn&#8221;][\/vc_column][\/vc_row][vc_row][vc_column css_animation=&#8221;fadeInUp&#8221; css=&#8221;.vc_custom_1533056919798{margin-top: -25px !important;padding-top: 0px !important;}&#8221;][cms_button_link btn_link=&#8221;url:%23row-video|||&#8221;][\/vc_column][\/vc_row][vc_row css=&#8221;.vc_custom_1532966534650{padding-top: 75px !important;padding-bottom: 100px !important;}&#8221; el_id=&#8221;row-video&#8221;][vc_column width=&#8221;1\/2&#8243; css=&#8221;.vc_custom_1532966416338{padding-top: 0px !important;}&#8221;][cms_video_player video_link=&#8221;youtube.com\/watch?v=SF4aHwxHtZ0&#8243; video_bg_image=&#8221;121&#8243; animation=&#8221;fadeInLeft&#8221;][\/vc_column][vc_column width=&#8221;1\/2&#8243; ct_column_class=&#8221;rm-padding-lg&#8221; cms_column_class=&#8221;rm-padding-lg&#8221; css=&#8221;.vc_custom_1534775293359{padding-top: 45px !important;padding-left: 85px !important;}&#8221;][cms_heading text=&#8221;La Croissance de BENGA : Une Vision en Action&#8221; font_weight=&#8221;600&#8243; description=&#8221;Depuis sa cr\u00e9ation, BENGA ne cesse de cro\u00eetre en s\u2019appuyant sur une vision claire : proposer des solutions innovantes et adapt\u00e9es aux besoins des collectivit\u00e9s, des entreprises et des individus. Cette croissance repose sur trois piliers fondamentaux : l\u2019engagement, l\u2019expertise et l\u2019innovation.<br \/>\nGr\u00e2ce \u00e0 une \u00e9quipe passionn\u00e9e et des projets ambitieux, BENGA est devenu un acteur incontournable dans ses domaines d\u2019activit\u00e9. Nous avons \u00e9largi notre port\u00e9e en accompagnant un nombre croissant de partenaires et en diversifiant nos services, notamment dans le soutien aux professionnels m\u00e9dicaux, la cr\u00e9ation de sites web sur mesure et la mise en r\u00e9seau des acteurs locaux.<br \/>\nChaque \u00e9tape de notre \u00e9volution est guid\u00e9e par une volont\u00e9 de r\u00e9pondre aux enjeux de demain. Nous continuons d&#8217;investir dans des technologies de pointe, d&#8217;am\u00e9liorer nos process et de renforcer nos collaborations pour offrir des solutions toujours plus performantes et inclusives.<br \/>\nAvec BENGA, la croissance est bien plus qu\u2019un objectif : c\u2019est une trajectoire inspir\u00e9e par l\u2019ambition de transformer des id\u00e9es en r\u00e9alit\u00e9s durables. Et ce n\u2019est que le d\u00e9but !&#8221; margin_bottom=&#8221;17&#8243;][vc_empty_space height=&#8221;44px&#8221;][\/vc_column][\/vc_row][vc_row full_width=&#8221;stretch_row&#8221; content_placement=&#8221;middle&#8221; parallax=&#8221;content-moving&#8221; parallax_image=&#8221;884&#8243; parallax_speed_bg=&#8221;1.8&#8243; ct_row_class=&#8221;row-overlay&#8221; cms_row_class=&#8221;row-overlay&#8221; css=&#8221;.vc_custom_1735043006857{background-color: rgba(68,63,69,0.9) !important;*background-color: rgb(68,63,69) !important;}&#8221;][vc_column width=&#8221;2\/3&#8243; cms_column_class=&#8221;rm-padding-lg&#8221; css=&#8221;.vc_custom_1533002967884{padding-top: 30px !important;padding-right: 55px !important;padding-bottom: 30px !important;}&#8221;][cms_heading text=&#8221;Inscrivez votre email pour recevoir nos NewsLetters&#8221; font_size=&#8221;36&#8243; font_size_md=&#8221;36&#8243; font_size_sm=&#8221;28&#8243; font_size_xs=&#8221;28&#8243; line_height=&#8221;42&#8243; line_height_md=&#8221;42&#8243; line_height_sm=&#8221;36&#8243; line_height_xs=&#8221;36&#8243; font_weight=&#8221;&#8221; text_color=&#8221;#ffffff&#8221; margin_bottom=&#8221;31&#8243;][cms_newsletter][\/vc_column][vc_column width=&#8221;1\/3&#8243; css=&#8221;.vc_custom_1533001933550{padding-top: 30px !important;}&#8221;][vc_single_image image=&#8221;167&#8243; img_size=&#8221;full&#8221; alignment=&#8221;right&#8221; css_animation=&#8221;fadeInRight&#8221; css=&#8221;.vc_custom_1533146276354{margin-bottom: 0px !important;}&#8221; ct_image_align=&#8221;image_align_xs_center&#8221; cms_image_align=&#8221;image_align_xs_center&#8221;][\/vc_column][\/vc_row]<\/p>\n<\/div>","protected":false},"excerpt":{"rendered":"<p>[vc_row full_width=&#8221;stretch_row_content_no_spaces&#8221; el_id=&#8221;section-home&#8221;][vc_column][rev_slider_vc alias=&#8221;home1&#8243;][\/vc_column][\/vc_row][vc_row css=&#8221;.vc_custom_1533128914488{margin-right: -35px !important;margin-left: -35px !important;padding-top: 55px !important;padding-bottom: 92px !important;}&#8221; el_id=&#8221;services&#8221;][vc_column css_animation=&#8221;fadeInUp&#8221; width=&#8221;1\/2&#8243; css=&#8221;.vc_custom_1533056841040{padding-top: 45px !important;padding-right: 40px !important;padding-left: 40px !important;}&#8221; offset=&#8221;vc_col-lg-3 vc_col-md-3&#8243;][cms_fancybox icon_list=&#8221;flaticon&#8221; title=&#8221;App Design&#8221; description=&#8221;Cr\u00e9ez des applications captivantes et intuitives. Nous concevons des designs d\u2019applications qui allient esth\u00e9tique et fonctionnalit\u00e9, pour offrir une exp\u00e9rience utilisateur exceptionnelle et engageante. Transformez vos id\u00e9es [&hellip;]<\/p>\n","protected":false},"author":1,"featured_media":0,"parent":0,"menu_order":0,"comment_status":"closed","ping_status":"closed","template":"","meta":{"footnotes":""},"class_list":["post-35","page","type-page","status-publish","hentry"],"yoast_head":"<!-- This site is optimized with the Yoast SEO plugin v25.5 - https:\/\/yoast.com\/wordpress\/plugins\/seo\/ -->\n<title>Home - benga<\/title>\n<meta name=\"robots\" content=\"index, follow, max-snippet:-1, max-image-preview:large, max-video-preview:-1\" \/>\n<link rel=\"canonical\" href=\"https:\/\/benga.fr\/\" \/>\n<meta property=\"og:locale\" content=\"en_US\" \/>\n<meta property=\"og:type\" content=\"article\" \/>\n<meta property=\"og:title\" content=\"Home - benga\" \/>\n<meta property=\"og:description\" content=\"[vc_row full_width=&#8221;stretch_row_content_no_spaces&#8221; el_id=&#8221;section-home&#8221;][vc_column][rev_slider_vc alias=&#8221;home1&#8243;][\/vc_column][\/vc_row][vc_row css=&#8221;.vc_custom_1533128914488{margin-right: -35px !important;margin-left: -35px !important;padding-top: 55px !important;padding-bottom: 92px !important;}&#8221; el_id=&#8221;services&#8221;][vc_column css_animation=&#8221;fadeInUp&#8221; width=&#8221;1\/2&#8243; css=&#8221;.vc_custom_1533056841040{padding-top: 45px !important;padding-right: 40px !important;padding-left: 40px !important;}&#8221; offset=&#8221;vc_col-lg-3 vc_col-md-3&#8243;][cms_fancybox icon_list=&#8221;flaticon&#8221; title=&#8221;App Design&#8221; description=&#8221;Cr\u00e9ez des applications captivantes et intuitives. Nous concevons des designs d\u2019applications qui allient esth\u00e9tique et fonctionnalit\u00e9, pour offrir une exp\u00e9rience utilisateur exceptionnelle et engageante. Transformez vos id\u00e9es [&hellip;]\" \/>\n<meta property=\"og:url\" content=\"https:\/\/benga.fr\/\" \/>\n<meta property=\"og:site_name\" content=\"benga\" \/>\n<meta property=\"article:modified_time\" content=\"2025-01-09T12:31:15+00:00\" \/>\n<meta name=\"twitter:card\" content=\"summary_large_image\" \/>\n<meta name=\"twitter:label1\" content=\"Est. reading time\" \/>\n\t<meta name=\"twitter:data1\" content=\"3 minutes\" \/>\n<script type=\"application\/ld+json\" class=\"yoast-schema-graph\">{\"@context\":\"https:\/\/schema.org\",\"@graph\":[{\"@type\":\"WebPage\",\"@id\":\"https:\/\/benga.fr\/\",\"url\":\"https:\/\/benga.fr\/\",\"name\":\"Home - benga\",\"isPartOf\":{\"@id\":\"https:\/\/benga.fr\/#website\"},\"datePublished\":\"2018-07-28T07:47:55+00:00\",\"dateModified\":\"2025-01-09T12:31:15+00:00\",\"breadcrumb\":{\"@id\":\"https:\/\/benga.fr\/#breadcrumb\"},\"inLanguage\":\"en-US\",\"potentialAction\":[{\"@type\":\"ReadAction\",\"target\":[\"https:\/\/benga.fr\/\"]}]},{\"@type\":\"BreadcrumbList\",\"@id\":\"https:\/\/benga.fr\/#breadcrumb\",\"itemListElement\":[{\"@type\":\"ListItem\",\"position\":1,\"name\":\"Home\",\"item\":\"https:\/\/benga.fr\/\"},{\"@type\":\"ListItem\",\"position\":2,\"name\":\"Home\"}]},{\"@type\":\"WebSite\",\"@id\":\"https:\/\/benga.fr\/#website\",\"url\":\"https:\/\/benga.fr\/\",\"name\":\"benga\",\"description\":\"\",\"publisher\":{\"@id\":\"https:\/\/benga.fr\/#organization\"},\"potentialAction\":[{\"@type\":\"SearchAction\",\"target\":{\"@type\":\"EntryPoint\",\"urlTemplate\":\"https:\/\/benga.fr\/?s={search_term_string}\"},\"query-input\":{\"@type\":\"PropertyValueSpecification\",\"valueRequired\":true,\"valueName\":\"search_term_string\"}}],\"inLanguage\":\"en-US\"},{\"@type\":\"Organization\",\"@id\":\"https:\/\/benga.fr\/#organization\",\"name\":\"benga\",\"url\":\"https:\/\/benga.fr\/\",\"logo\":{\"@type\":\"ImageObject\",\"inLanguage\":\"en-US\",\"@id\":\"https:\/\/benga.fr\/#\/schema\/logo\/image\/\",\"url\":\"https:\/\/benga.fr\/wp-content\/uploads\/2024\/12\/cropped-Logo-1-1.png\",\"contentUrl\":\"https:\/\/benga.fr\/wp-content\/uploads\/2024\/12\/cropped-Logo-1-1.png\",\"width\":220,\"height\":105,\"caption\":\"benga\"},\"image\":{\"@id\":\"https:\/\/benga.fr\/#\/schema\/logo\/image\/\"}}]}<\/script>\n<!-- \/ Yoast SEO plugin. -->","yoast_head_json":{"title":"Home - benga","robots":{"index":"index","follow":"follow","max-snippet":"max-snippet:-1","max-image-preview":"max-image-preview:large","max-video-preview":"max-video-preview:-1"},"canonical":"https:\/\/benga.fr\/","og_locale":"en_US","og_type":"article","og_title":"Home - benga","og_description":"[vc_row full_width=&#8221;stretch_row_content_no_spaces&#8221; el_id=&#8221;section-home&#8221;][vc_column][rev_slider_vc alias=&#8221;home1&#8243;][\/vc_column][\/vc_row][vc_row css=&#8221;.vc_custom_1533128914488{margin-right: -35px !important;margin-left: -35px !important;padding-top: 55px !important;padding-bottom: 92px !important;}&#8221; el_id=&#8221;services&#8221;][vc_column css_animation=&#8221;fadeInUp&#8221; width=&#8221;1\/2&#8243; css=&#8221;.vc_custom_1533056841040{padding-top: 45px !important;padding-right: 40px !important;padding-left: 40px !important;}&#8221; offset=&#8221;vc_col-lg-3 vc_col-md-3&#8243;][cms_fancybox icon_list=&#8221;flaticon&#8221; title=&#8221;App Design&#8221; description=&#8221;Cr\u00e9ez des applications captivantes et intuitives. Nous concevons des designs d\u2019applications qui allient esth\u00e9tique et fonctionnalit\u00e9, pour offrir une exp\u00e9rience utilisateur exceptionnelle et engageante. Transformez vos id\u00e9es [&hellip;]","og_url":"https:\/\/benga.fr\/","og_site_name":"benga","article_modified_time":"2025-01-09T12:31:15+00:00","twitter_card":"summary_large_image","twitter_misc":{"Est. reading time":"3 minutes"},"schema":{"@context":"https:\/\/schema.org","@graph":[{"@type":"WebPage","@id":"https:\/\/benga.fr\/","url":"https:\/\/benga.fr\/","name":"Home - benga","isPartOf":{"@id":"https:\/\/benga.fr\/#website"},"datePublished":"2018-07-28T07:47:55+00:00","dateModified":"2025-01-09T12:31:15+00:00","breadcrumb":{"@id":"https:\/\/benga.fr\/#breadcrumb"},"inLanguage":"en-US","potentialAction":[{"@type":"ReadAction","target":["https:\/\/benga.fr\/"]}]},{"@type":"BreadcrumbList","@id":"https:\/\/benga.fr\/#breadcrumb","itemListElement":[{"@type":"ListItem","position":1,"name":"Home","item":"https:\/\/benga.fr\/"},{"@type":"ListItem","position":2,"name":"Home"}]},{"@type":"WebSite","@id":"https:\/\/benga.fr\/#website","url":"https:\/\/benga.fr\/","name":"benga","description":"","publisher":{"@id":"https:\/\/benga.fr\/#organization"},"potentialAction":[{"@type":"SearchAction","target":{"@type":"EntryPoint","urlTemplate":"https:\/\/benga.fr\/?s={search_term_string}"},"query-input":{"@type":"PropertyValueSpecification","valueRequired":true,"valueName":"search_term_string"}}],"inLanguage":"en-US"},{"@type":"Organization","@id":"https:\/\/benga.fr\/#organization","name":"benga","url":"https:\/\/benga.fr\/","logo":{"@type":"ImageObject","inLanguage":"en-US","@id":"https:\/\/benga.fr\/#\/schema\/logo\/image\/","url":"https:\/\/benga.fr\/wp-content\/uploads\/2024\/12\/cropped-Logo-1-1.png","contentUrl":"https:\/\/benga.fr\/wp-content\/uploads\/2024\/12\/cropped-Logo-1-1.png","width":220,"height":105,"caption":"benga"},"image":{"@id":"https:\/\/benga.fr\/#\/schema\/logo\/image\/"}}]}},"_links":{"self":[{"href":"https:\/\/benga.fr\/index.php?rest_route=\/wp\/v2\/pages\/35","targetHints":{"allow":["GET"]}}],"collection":[{"href":"https:\/\/benga.fr\/index.php?rest_route=\/wp\/v2\/pages"}],"about":[{"href":"https:\/\/benga.fr\/index.php?rest_route=\/wp\/v2\/types\/page"}],"author":[{"embeddable":true,"href":"https:\/\/benga.fr\/index.php?rest_route=\/wp\/v2\/users\/1"}],"replies":[{"embeddable":true,"href":"https:\/\/benga.fr\/index.php?rest_route=%2Fwp%2Fv2%2Fcomments&post=35"}],"version-history":[{"count":41,"href":"https:\/\/benga.fr\/index.php?rest_route=\/wp\/v2\/pages\/35\/revisions"}],"predecessor-version":[{"id":942,"href":"https:\/\/benga.fr\/index.php?rest_route=\/wp\/v2\/pages\/35\/revisions\/942"}],"wp:attachment":[{"href":"https:\/\/benga.fr\/index.php?rest_route=%2Fwp%2Fv2%2Fmedia&parent=35"}],"curies":[{"name":"wp","href":"https:\/\/api.w.org\/{rel}","templated":true}]}}